{"id":2041,"date":"2017-04-13T15:16:35","date_gmt":"2017-04-13T13:16:35","guid":{"rendered":"http:\/\/www.zsnovarole.cz\/?page_id=2041"},"modified":"2018-05-25T10:08:31","modified_gmt":"2018-05-25T08:08:31","slug":"ptaci-a-pataci","status":"publish","type":"page","link":"https:\/\/www.zsnovarole.cz\/?page_id=2041","title":{"rendered":"Pt\u00e1ci a p\u00e1\u0165\u00e1ci 2017"},"content":{"rendered":"<p>29. b\u0159ezna 2017 m\u011bli \u017e\u00e1ci p\u00e1t\u00fdch t\u0159\u00edd besedu o pt\u00e1c\u00edch \u017eij\u00edc\u00edch v okol\u00ed Nov\u00e9 Role, a potom \u0161li s lesn\u00edkem panem Dole\u017ealem pod\u00e9l cyklostezky do Mezirol\u00ed obhl\u00e9dnout budky s \u010derstv\u011b zahn\u00edzd\u011bn\u00fdmi pt\u00e1ky&#8230;<a href=\"http:\/\/www.zsnovarole.cz\/wp-content\/uploads\/2017\/04\/IMG_3821.jpg\"><img decoding=\"async\" loading=\"lazy\" class=\"alignnone size-large wp-image-2042\" src=\"http:\/\/www.zsnovarole.cz\/wp-content\/uploads\/2017\/04\/IMG_3821-1024x682.jpg\" alt=\"\" width=\"860\" height=\"573\" srcset=\"https:\/\/www.zsnovarole.cz\/wp-content\/uploads\/2017\/04\/IMG_3821.jpg 1024w, https:\/\/www.zsnovarole.cz\/wp-content\/uploads\/2017\/04\/IMG_3821-300x200.jpg 300w, https:\/\/www.zsnovarole.cz\/wp-content\/uploads\/2017\/04\/IMG_3821-768x512.jpg 768w\" sizes=\"(max-width: 860px) 100vw, 860px\" \/><\/a> <a href=\"http:\/\/www.zsnovarole.cz\/wp-content\/uploads\/2017\/04\/IMG_3826.jpg\"><img decoding=\"async\" loading=\"lazy\" class=\"alignnone size-large wp-image-2043\" src=\"http:\/\/www.zsnovarole.cz\/wp-content\/uploads\/2017\/04\/IMG_3826-1024x682.jpg\" alt=\"\" width=\"860\" height=\"573\" srcset=\"https:\/\/www.zsnovarole.cz\/wp-content\/uploads\/2017\/04\/IMG_3826.jpg 1024w, https:\/\/www.zsnovarole.cz\/wp-content\/uploads\/2017\/04\/IMG_3826-300x200.jpg 300w, https:\/\/www.zsnovarole.cz\/wp-content\/uploads\/2017\/04\/IMG_3826-768x512.jpg 768w\" sizes=\"(max-width: 860px) 100vw, 860px\" \/><\/a> <a href=\"http:\/\/www.zsnovarole.cz\/wp-content\/uploads\/2017\/04\/IMG_3827.jpg\"><img decoding=\"async\" loading=\"lazy\" class=\"alignnone size-large wp-image-2044\" src=\"http:\/\/www.zsnovarole.cz\/wp-content\/uploads\/2017\/04\/IMG_3827.jpg\" alt=\"\" width=\"511\" height=\"768\" srcset=\"https:\/\/www.zsnovarole.cz\/wp-content\/uploads\/2017\/04\/IMG_3827.jpg 511w, https:\/\/www.zsnovarole.cz\/wp-content\/uploads\/2017\/04\/IMG_3827-200x300.jpg 200w\" sizes=\"(max-width: 511px) 100vw, 511px\" \/><\/a> <a href=\"http:\/\/www.zsnovarole.cz\/wp-content\/uploads\/2017\/04\/IMG_3828.jpg\"><img decoding=\"async\" loading=\"lazy\" class=\"alignnone size-large wp-image-2045\" src=\"http:\/\/www.zsnovarole.cz\/wp-content\/uploads\/2017\/04\/IMG_3828-1024x682.jpg\" alt=\"\" width=\"860\" height=\"573\" srcset=\"https:\/\/www.zsnovarole.cz\/wp-content\/uploads\/2017\/04\/IMG_3828.jpg 1024w, https:\/\/www.zsnovarole.cz\/wp-content\/uploads\/2017\/04\/IMG_3828-300x200.jpg 300w, https:\/\/www.zsnovarole.cz\/wp-content\/uploads\/2017\/04\/IMG_3828-768x512.jpg 768w\" sizes=\"(max-width: 860px) 100vw, 860px\" \/><\/a> <a href=\"http:\/\/www.zsnovarole.cz\/wp-content\/uploads\/2017\/04\/IMG_3830.jpg\"><img decoding=\"async\" loading=\"lazy\" class=\"alignnone size-large wp-image-2046\" src=\"http:\/\/www.zsnovarole.cz\/wp-content\/uploads\/2017\/04\/IMG_3830-1024x682.jpg\" alt=\"\" width=\"860\" height=\"573\" srcset=\"https:\/\/www.zsnovarole.cz\/wp-content\/uploads\/2017\/04\/IMG_3830.jpg 1024w, https:\/\/www.zsnovarole.cz\/wp-content\/uploads\/2017\/04\/IMG_3830-300x200.jpg 300w, https:\/\/www.zsnovarole.cz\/wp-content\/uploads\/2017\/04\/IMG_3830-768x512.jpg 768w\" sizes=\"(max-width: 860px) 100vw, 860px\" \/><\/a> <a href=\"http:\/\/www.zsnovarole.cz\/wp-content\/uploads\/2017\/04\/IMG_3831.jpg\"><img decoding=\"async\" loading=\"lazy\" class=\"alignnone size-large wp-image-2047\" src=\"http:\/\/www.zsnovarole.cz\/wp-content\/uploads\/2017\/04\/IMG_3831-1024x682.jpg\" alt=\"\" width=\"860\" height=\"573\" srcset=\"https:\/\/www.zsnovarole.cz\/wp-content\/uploads\/2017\/04\/IMG_3831.jpg 1024w, https:\/\/www.zsnovarole.cz\/wp-content\/uploads\/2017\/04\/IMG_3831-300x200.jpg 300w, https:\/\/www.zsnovarole.cz\/wp-content\/uploads\/2017\/04\/IMG_3831-768x512.jpg 768w\" sizes=\"(max-width: 860px) 100vw, 860px\" \/><\/a> <a href=\"http:\/\/www.zsnovarole.cz\/wp-content\/uploads\/2017\/04\/IMG_3833.jpg\"><img decoding=\"async\" loading=\"lazy\" class=\"alignnone size-large wp-image-2048\" src=\"http:\/\/www.zsnovarole.cz\/wp-content\/uploads\/2017\/04\/IMG_3833-1024x682.jpg\" alt=\"\" width=\"860\" height=\"573\" srcset=\"https:\/\/www.zsnovarole.cz\/wp-content\/uploads\/2017\/04\/IMG_3833.jpg 1024w, https:\/\/www.zsnovarole.cz\/wp-content\/uploads\/2017\/04\/IMG_3833-300x200.jpg 300w, https:\/\/www.zsnovarole.cz\/wp-content\/uploads\/2017\/04\/IMG_3833-768x512.jpg 768w\" sizes=\"(max-width: 860px) 100vw, 860px\" \/><\/a> <a href=\"http:\/\/www.zsnovarole.cz\/wp-content\/uploads\/2017\/04\/IMG_3834.jpg\"><img decoding=\"async\" loading=\"lazy\" class=\"alignnone size-large wp-image-2049\" src=\"http:\/\/www.zsnovarole.cz\/wp-content\/uploads\/2017\/04\/IMG_3834-1024x682.jpg\" alt=\"\" width=\"860\" height=\"573\" srcset=\"https:\/\/www.zsnovarole.cz\/wp-content\/uploads\/2017\/04\/IMG_3834.jpg 1024w, https:\/\/www.zsnovarole.cz\/wp-content\/uploads\/2017\/04\/IMG_3834-300x200.jpg 300w, https:\/\/www.zsnovarole.cz\/wp-content\/uploads\/2017\/04\/IMG_3834-768x512.jpg 768w\" sizes=\"(max-width: 860px) 100vw, 860px\" \/><\/a> <a href=\"http:\/\/www.zsnovarole.cz\/wp-content\/uploads\/2017\/04\/IMG_3837.jpg\"><img decoding=\"async\" loading=\"lazy\" class=\"alignnone size-large wp-image-2050\" src=\"http:\/\/www.zsnovarole.cz\/wp-content\/uploads\/2017\/04\/IMG_3837-1024x682.jpg\" alt=\"\" width=\"860\" height=\"573\" srcset=\"https:\/\/www.zsnovarole.cz\/wp-content\/uploads\/2017\/04\/IMG_3837.jpg 1024w, https:\/\/www.zsnovarole.cz\/wp-content\/uploads\/2017\/04\/IMG_3837-300x200.jpg 300w, https:\/\/www.zsnovarole.cz\/wp-content\/uploads\/2017\/04\/IMG_3837-768x512.jpg 768w\" sizes=\"(max-width: 860px) 100vw, 860px\" \/><\/a><\/p>\n","protected":false},"excerpt":{"rendered":"<p>29. b\u0159ezna 2017 m\u011bli \u017e\u00e1ci p\u00e1t\u00fdch t\u0159\u00edd besedu o pt\u00e1c\u00edch \u017eij\u00edc\u00edch v okol\u00ed Nov\u00e9 Role, a potom \u0161li s lesn\u00edkem panem Dole\u017ealem pod\u00e9l cyklostezky do Mezirol\u00ed obhl\u00e9dnout budky s \u010derstv\u011b zahn\u00edzd\u011bn\u00fdmi pt\u00e1ky&#8230;<\/p>\n","protected":false},"author":2,"featured_media":0,"parent":81,"menu_order":0,"comment_status":"closed","ping_status":"closed","template":"","meta":[],"_links":{"self":[{"href":"https:\/\/www.zsnovarole.cz\/index.php?rest_route=\/wp\/v2\/pages\/2041"}],"collection":[{"href":"https:\/\/www.zsnovarole.cz\/index.php?rest_route=\/wp\/v2\/pages"}],"about":[{"href":"https:\/\/www.zsnovarole.cz\/index.php?rest_route=\/wp\/v2\/types\/page"}],"author":[{"embeddable":true,"href":"https:\/\/www.zsnovarole.cz\/index.php?rest_route=\/wp\/v2\/users\/2"}],"replies":[{"embeddable":true,"href":"https:\/\/www.zsnovarole.cz\/index.php?rest_route=%2Fwp%2Fv2%2Fcomments&post=2041"}],"version-history":[{"count":2,"href":"https:\/\/www.zsnovarole.cz\/index.php?rest_route=\/wp\/v2\/pages\/2041\/revisions"}],"predecessor-version":[{"id":2962,"href":"https:\/\/www.zsnovarole.cz\/index.php?rest_route=\/wp\/v2\/pages\/2041\/revisions\/2962"}],"up":[{"embeddable":true,"href":"https:\/\/www.zsnovarole.cz\/index.php?rest_route=\/wp\/v2\/pages\/81"}],"wp:attachment":[{"href":"https:\/\/www.zsnovarole.cz\/index.php?rest_route=%2Fwp%2Fv2%2Fmedia&parent=2041"}],"curies":[{"name":"wp","href":"https:\/\/api.w.org\/{rel}","templated":true}]}}