{"id":2530,"date":"2017-10-22T20:15:44","date_gmt":"2017-10-22T18:15:44","guid":{"rendered":"https:\/\/www.zsnovarole.cz\/?page_id=2530"},"modified":"2024-12-09T07:42:46","modified_gmt":"2024-12-09T06:42:46","slug":"mohlo-by-vas-zajimat","status":"publish","type":"page","link":"https:\/\/www.zsnovarole.cz\/?page_id=2530","title":{"rendered":"Mohlo by V\u00e1s zaj\u00edmat"},"content":{"rendered":"<p><a href=\"https:\/\/www.zsnovarole.cz\/wp-content\/uploads\/2024\/12\/Obiloviny.odt\">Obiloviny<\/a><\/p>\n<p><a href=\"https:\/\/www.zsnovarole.cz\/wp-content\/uploads\/2020\/10\/Fazolky-adzuki.docx\">Fazolky adzuki<\/a><\/p>\n<p><a href=\"https:\/\/www.zsnovarole.cz\/wp-content\/uploads\/2017\/10\/10-tip\u016f-pro-zdrav\u00e9-stravov\u00e1n\u00ed-d\u011bt\u00ed.docx\">10 tip\u016f pro zdrav\u00e9 stravov\u00e1n\u00ed d\u011bt\u00ed<\/a><\/p>\n<p><a href=\"https:\/\/www.zsnovarole.cz\/wp-content\/uploads\/2017\/10\/jidelnicek-d\u011bti-7-10-let.pdf\">J\u00eddeln\u00ed\u010dek pro d\u011bti 7-10 let<\/a><\/p>\n<p><a href=\"https:\/\/www.zsnovarole.cz\/wp-content\/uploads\/2017\/10\/FZV_pyramida.pdf\">\u010cesk\u00e1 potravinov\u00e1 pyramida<\/a><\/p>\n<p><a href=\"https:\/\/www.zsnovarole.cz\/wp-content\/uploads\/2017\/10\/Lu\u0161t\u011bniny.pdf\">Lu\u0161t\u011bniny<\/a><\/p>\n<p><a href=\"https:\/\/www.zsnovarole.cz\/wp-content\/uploads\/2023\/08\/Proc-jist-vlakninu.docx\">Pro\u010d j\u00edst vl\u00e1kninu<\/a><\/p>\n","protected":false},"excerpt":{"rendered":"<p>Obiloviny Fazolky adzuki 10 tip\u016f pro zdrav\u00e9 stravov\u00e1n\u00ed d\u011bt\u00ed J\u00eddeln\u00ed\u010dek pro d\u011bti 7-10 let \u010cesk\u00e1 potravinov\u00e1 pyramida Lu\u0161t\u011bniny Pro\u010d j\u00edst vl\u00e1kninu<\/p>\n","protected":false},"author":4,"featured_media":0,"parent":93,"menu_order":5,"comment_status":"closed","ping_status":"closed","template":"","meta":[],"_links":{"self":[{"href":"https:\/\/www.zsnovarole.cz\/index.php?rest_route=\/wp\/v2\/pages\/2530"}],"collection":[{"href":"https:\/\/www.zsnovarole.cz\/index.php?rest_route=\/wp\/v2\/pages"}],"about":[{"href":"https:\/\/www.zsnovarole.cz\/index.php?rest_route=\/wp\/v2\/types\/page"}],"author":[{"embeddable":true,"href":"https:\/\/www.zsnovarole.cz\/index.php?rest_route=\/wp\/v2\/users\/4"}],"replies":[{"embeddable":true,"href":"https:\/\/www.zsnovarole.cz\/index.php?rest_route=%2Fwp%2Fv2%2Fcomments&post=2530"}],"version-history":[{"count":14,"href":"https:\/\/www.zsnovarole.cz\/index.php?rest_route=\/wp\/v2\/pages\/2530\/revisions"}],"predecessor-version":[{"id":7395,"href":"https:\/\/www.zsnovarole.cz\/index.php?rest_route=\/wp\/v2\/pages\/2530\/revisions\/7395"}],"up":[{"embeddable":true,"href":"https:\/\/www.zsnovarole.cz\/index.php?rest_route=\/wp\/v2\/pages\/93"}],"wp:attachment":[{"href":"https:\/\/www.zsnovarole.cz\/index.php?rest_route=%2Fwp%2Fv2%2Fmedia&parent=2530"}],"curies":[{"name":"wp","href":"https:\/\/api.w.org\/{rel}","templated":true}]}}