{"id":2964,"date":"2018-05-25T10:24:20","date_gmt":"2018-05-25T08:24:20","guid":{"rendered":"https:\/\/www.zsnovarole.cz\/?page_id=2964"},"modified":"2018-05-25T10:39:23","modified_gmt":"2018-05-25T08:39:23","slug":"projekt-dreierpack","status":"publish","type":"page","link":"https:\/\/www.zsnovarole.cz\/?page_id=2964","title":{"rendered":"Projekt Dreierpack"},"content":{"rendered":"<p><strong>\u00a0<a href=\"https:\/\/www.zsnovarole.cz\/wp-content\/uploads\/2018\/05\/euregio-publicita.jpg\"><img decoding=\"async\" loading=\"lazy\" class=\"alignnone size-full wp-image-2920\" src=\"https:\/\/www.zsnovarole.cz\/wp-content\/uploads\/2018\/05\/euregio-publicita.jpg\" alt=\"\" width=\"777\" height=\"105\" srcset=\"https:\/\/www.zsnovarole.cz\/wp-content\/uploads\/2018\/05\/euregio-publicita.jpg 777w, https:\/\/www.zsnovarole.cz\/wp-content\/uploads\/2018\/05\/euregio-publicita-300x41.jpg 300w, https:\/\/www.zsnovarole.cz\/wp-content\/uploads\/2018\/05\/euregio-publicita-768x104.jpg 768w\" sizes=\"(max-width: 777px) 100vw, 777px\" \/><\/a><\/strong><\/p>\n<p>Tento projekt \/ Dieses Projekt:<\/p>\n<p><strong>\u00a0\u00a0<\/strong><\/p>\n<p><strong>Dreierpack \u2013 Kru\u0161n\u00e9 hory zn\u00e1m\u00e9 i nezn\u00e1m\u00e9<\/strong><strong>\u00a0<\/strong><\/p>\n<p>je spolufinancov\u00e1n Evropskou uni\u00ed v\u00a0r\u00e1mci Fondu mal\u00fdch projekt\u016f \/ ist von der Europ\u00e4ischen Union im Rahmen des Kleinprojektefonds kofinanziert.<\/p>\n","protected":false},"excerpt":{"rendered":"<p>\u00a0 Tento projekt \/ Dieses Projekt: \u00a0\u00a0 Dreierpack \u2013 Kru\u0161n\u00e9 hory zn\u00e1m\u00e9 i nezn\u00e1m\u00e9\u00a0 je spolufinancov\u00e1n Evropskou uni\u00ed v\u00a0r\u00e1mci Fondu mal\u00fdch projekt\u016f \/ ist von der Europ\u00e4ischen Union im Rahmen des Kleinprojektefonds kofinanziert.<\/p>\n","protected":false},"author":2,"featured_media":0,"parent":142,"menu_order":0,"comment_status":"closed","ping_status":"closed","template":"","meta":[],"_links":{"self":[{"href":"https:\/\/www.zsnovarole.cz\/index.php?rest_route=\/wp\/v2\/pages\/2964"}],"collection":[{"href":"https:\/\/www.zsnovarole.cz\/index.php?rest_route=\/wp\/v2\/pages"}],"about":[{"href":"https:\/\/www.zsnovarole.cz\/index.php?rest_route=\/wp\/v2\/types\/page"}],"author":[{"embeddable":true,"href":"https:\/\/www.zsnovarole.cz\/index.php?rest_route=\/wp\/v2\/users\/2"}],"replies":[{"embeddable":true,"href":"https:\/\/www.zsnovarole.cz\/index.php?rest_route=%2Fwp%2Fv2%2Fcomments&post=2964"}],"version-history":[{"count":2,"href":"https:\/\/www.zsnovarole.cz\/index.php?rest_route=\/wp\/v2\/pages\/2964\/revisions"}],"predecessor-version":[{"id":2966,"href":"https:\/\/www.zsnovarole.cz\/index.php?rest_route=\/wp\/v2\/pages\/2964\/revisions\/2966"}],"up":[{"embeddable":true,"href":"https:\/\/www.zsnovarole.cz\/index.php?rest_route=\/wp\/v2\/pages\/142"}],"wp:attachment":[{"href":"https:\/\/www.zsnovarole.cz\/index.php?rest_route=%2Fwp%2Fv2%2Fmedia&parent=2964"}],"curies":[{"name":"wp","href":"https:\/\/api.w.org\/{rel}","templated":true}]}}