{"id":3102,"date":"2018-10-15T22:14:31","date_gmt":"2018-10-15T20:14:31","guid":{"rendered":"https:\/\/www.zsnovarole.cz\/?page_id=3102"},"modified":"2018-10-15T22:14:31","modified_gmt":"2018-10-15T20:14:31","slug":"projekt-presmosty","status":"publish","type":"page","link":"https:\/\/www.zsnovarole.cz\/?page_id=3102","title":{"rendered":"Projekt P\u0159esmosty"},"content":{"rendered":"<p><img decoding=\"async\" loading=\"lazy\" class=\"alignnone size-full wp-image-3086\" src=\"https:\/\/www.zsnovarole.cz\/wp-content\/uploads\/2018\/10\/logo-eu-a-m\u0161mt.jpg\" alt=\"\" width=\"605\" height=\"135\" srcset=\"https:\/\/www.zsnovarole.cz\/wp-content\/uploads\/2018\/10\/logo-eu-a-m\u0161mt.jpg 605w, https:\/\/www.zsnovarole.cz\/wp-content\/uploads\/2018\/10\/logo-eu-a-m\u0161mt-300x67.jpg 300w, https:\/\/www.zsnovarole.cz\/wp-content\/uploads\/2018\/10\/logo-eu-a-m\u0161mt-600x135.jpg 600w\" sizes=\"(max-width: 605px) 100vw, 605px\" \/><\/p>\n<p>Od \u0159\u00edjna 2017 jsme jako \u0161kola zapojeni do projektu OP VVV \u2013 P\u0158ESMOSTY ke spole\u010dn\u00e9mu vzd\u011bl\u00e1v\u00e1n\u00ed.<\/p>\n<p>P\u0159\u00edjemcem dotace je Soukrom\u00e1 st\u0159edn\u00ed odborn\u00e1 \u0161kola Hranice s.r.o., se kterou v r\u00e1mci projektu spolupracujeme.<\/p>\n<p>C\u00edlem projektu je vytvo\u0159en\u00ed platformy pro setk\u00e1v\u00e1n\u00ed rodi\u010d\u016f &#8211; rodi\u010dovsk\u00e1 f\u00f3ra (RodF\u00f3rky) ve v\u0161ech kraj\u00edch v \u010cR a vytvo\u0159en\u00ed komunika\u010dn\u00edho kan\u00e1lu pro v\u00fdm\u011bnu informac\u00ed ve v\u011bci vzd\u011bl\u00e1v\u00e1n\u00ed \u017e\u00e1k\u016f se SVP. Mimo samotn\u00fdch setk\u00e1n\u00ed rodi\u010dovsk\u00fdch f\u00f3r, kter\u00e9 v r\u00e1mci projektu prob\u00edhaj\u00ed, je c\u00edlem zalo\u017een\u00ed tradice pro \u201esetk\u00e1v\u00e1n\u00ed se\u201c za \u00fa\u010delem zlep\u0161ov\u00e1n\u00ed podm\u00ednek ve vzd\u011bl\u00e1v\u00e1n\u00ed.<\/p>\n<p>C\u00edlovou skupinou jsou rodi\u010de \u017e\u00e1k\u016f a \u017e\u00e1ci s SVP.<\/p>\n<p>Jako zapojen\u00e1 \u0161kola organizujeme a zodpov\u00edd\u00e1me za samotnou organizaci a pr\u016fb\u011bh rodi\u010dovsk\u00e9ho f\u00f3ra<\/p>\n<p>(Rodf\u00f3rka), kter\u00e9 prob\u00edh\u00e1 jednou za m\u011bs\u00edc. Mezi prob\u00edran\u00e1 t\u00e9mata zat\u00edm pat\u0159ila nap\u0159.: Jak podpo\u0159it d\u00edt\u011b v adaptaci na \u0161kolu\/t\u0159\u00eddu\/u\u010ditele; Ztr\u00e1ta z\u00e1jmu d\u00edt\u011bte o \u0161kolu, P\u00e9\u010de o \u017e\u00e1ky PPP\/SPC (zku\u0161enost a pot\u0159eby rodi\u010d\u016f); Jak mohu jako rodi\u010d dopomoci d\u00edt\u011bti s dom\u00e1c\u00ed p\u0159\u00edpravou.<\/p>\n<p>D\u00edky zapojen\u00ed do projektu jsme z\u00edskali:<\/p>\n<p>\uf0b7 za\u0159\u00edzen\u00ed a vybaven\u00ed v\u00a0hodnot\u011b cca 200\u00a0000 K\u010d<\/p>\n<p>\uf0b7 z\u00a0toho vybaven\u00ed pot\u0159ebn\u00e9 pro zaji\u0161t\u011bn\u00ed pravideln\u00fdch setk\u00e1n\u00ed RF (dataprojektor,<\/p>\n<p>notebook, projek. pl\u00e1tno)<\/p>\n<p>\uf0b7 z\u00a0toho sady pom\u016fcek pro pr\u00e1ci se \u017e\u00e1ky (montessori pom\u016fcky), v\u00fdukov\u00fd a reeduka\u010dn\u00ed<\/p>\n<p>SW, knihy a odbornou literaturu<\/p>\n","protected":false},"excerpt":{"rendered":"<p>Od \u0159\u00edjna 2017 jsme jako \u0161kola zapojeni do projektu OP VVV \u2013 P\u0158ESMOSTY ke spole\u010dn\u00e9mu vzd\u011bl\u00e1v\u00e1n\u00ed. P\u0159\u00edjemcem dotace je Soukrom\u00e1 st\u0159edn\u00ed odborn\u00e1 \u0161kola Hranice s.r.o., se kterou v r\u00e1mci projektu spolupracujeme. C\u00edlem projektu je vytvo\u0159en\u00ed platformy pro setk\u00e1v\u00e1n\u00ed rodi\u010d\u016f &#8211; rodi\u010dovsk\u00e1 f\u00f3ra (RodF\u00f3rky) ve v\u0161ech kraj\u00edch v \u010cR a vytvo\u0159en\u00ed komunika\u010dn\u00edho kan\u00e1lu pro v\u00fdm\u011bnu informac\u00ed ve v\u011bci vzd\u011bl\u00e1v\u00e1n\u00ed \u017e\u00e1k\u016f se<\/p>\n","protected":false},"author":2,"featured_media":0,"parent":142,"menu_order":0,"comment_status":"closed","ping_status":"closed","template":"","meta":[],"_links":{"self":[{"href":"https:\/\/www.zsnovarole.cz\/index.php?rest_route=\/wp\/v2\/pages\/3102"}],"collection":[{"href":"https:\/\/www.zsnovarole.cz\/index.php?rest_route=\/wp\/v2\/pages"}],"about":[{"href":"https:\/\/www.zsnovarole.cz\/index.php?rest_route=\/wp\/v2\/types\/page"}],"author":[{"embeddable":true,"href":"https:\/\/www.zsnovarole.cz\/index.php?rest_route=\/wp\/v2\/users\/2"}],"replies":[{"embeddable":true,"href":"https:\/\/www.zsnovarole.cz\/index.php?rest_route=%2Fwp%2Fv2%2Fcomments&post=3102"}],"version-history":[{"count":1,"href":"https:\/\/www.zsnovarole.cz\/index.php?rest_route=\/wp\/v2\/pages\/3102\/revisions"}],"predecessor-version":[{"id":3103,"href":"https:\/\/www.zsnovarole.cz\/index.php?rest_route=\/wp\/v2\/pages\/3102\/revisions\/3103"}],"up":[{"embeddable":true,"href":"https:\/\/www.zsnovarole.cz\/index.php?rest_route=\/wp\/v2\/pages\/142"}],"wp:attachment":[{"href":"https:\/\/www.zsnovarole.cz\/index.php?rest_route=%2Fwp%2Fv2%2Fmedia&parent=3102"}],"curies":[{"name":"wp","href":"https:\/\/api.w.org\/{rel}","templated":true}]}}