{"id":4707,"date":"2021-11-04T20:32:58","date_gmt":"2021-11-04T19:32:58","guid":{"rendered":"https:\/\/www.zsnovarole.cz\/?page_id=4707"},"modified":"2023-02-17T14:36:32","modified_gmt":"2023-02-17T13:36:32","slug":"kps","status":"publish","type":"page","link":"https:\/\/www.zsnovarole.cz\/?page_id=4707","title":{"rendered":"KP\u0160"},"content":{"rendered":"<p><a href=\"https:\/\/www.zsnovarole.cz\/?attachment_id=4710\" rel=\"attachment wp-att-4710\"><img decoding=\"async\" loading=\"lazy\" class=\"alignnone size-thumbnail wp-image-4710\" src=\"https:\/\/www.zsnovarole.cz\/wp-content\/uploads\/2021\/11\/logo-KPS-150x150.jpg\" alt=\"\" width=\"150\" height=\"150\" srcset=\"https:\/\/www.zsnovarole.cz\/wp-content\/uploads\/2021\/11\/logo-KPS-150x150.jpg 150w, https:\/\/www.zsnovarole.cz\/wp-content\/uploads\/2021\/11\/logo-KPS-300x300.jpg 300w, https:\/\/www.zsnovarole.cz\/wp-content\/uploads\/2021\/11\/logo-KPS-90x90.jpg 90w, https:\/\/www.zsnovarole.cz\/wp-content\/uploads\/2021\/11\/logo-KPS-75x75.jpg 75w, https:\/\/www.zsnovarole.cz\/wp-content\/uploads\/2021\/11\/logo-KPS.jpg 425w\" sizes=\"(max-width: 150px) 100vw, 150px\" \/><\/a><\/p>\n<p><strong>\u00da\u010delem spolku je podporovat \u010dinnost \u0161koly nad r\u00e1mec, kter\u00fd mu poskytne z\u0159izovatel a st\u00e1t. Spolek bude dosahovat tohoto \u00fa\u010delu vyv\u00edjen\u00edm \u010dinnosti v n\u00e1sleduj\u00edc\u00edch oblastech:<\/strong><\/p>\n<ul>\n<li>Podporovat z\u00e1jmovou \u010dinnost \u017e\u00e1k\u016f finan\u010dn\u011b i odbornou pomoc\u00ed.<\/li>\n<li>Podporovat \u0161kolu v jej\u00edm materi\u00e1ln\u00edm zabezpe\u010den\u00ed, zejm\u00e9na organizovat dobrovolnou v\u00fdpomoc \u010dlen\u016f p\u0159i \u0161koln\u00edch akc\u00edch.<\/li>\n<li>Po\u0159\u00e1dat pro \u017e\u00e1ky \u0161koly speci\u00e1ln\u00ed semin\u00e1\u0159e a p\u0159edn\u00e1\u0161ky.<\/li>\n<li>Po\u0159\u00e1dat kulturn\u00ed, sportovn\u00ed a spole\u010densk\u00e9 akce.<\/li>\n<li>Provozovat hospod\u00e1\u0159skou \u010dinnost souvisej\u00edc\u00ed s posl\u00e1n\u00edm klubu.<\/li>\n<\/ul>\n<p><strong>Stanovy Klubu p\u0159\u00e1tel \u0161koly Z\u0160 Nov\u00e1 Role, z.s. jsou ke sta\u017een\u00ed <a href=\"https:\/\/www.zsnovarole.cz\/?attachment_id=4708\" rel=\"attachment wp-att-4708\">zde<\/a>.<\/strong><\/p>\n<p>Pokud m\u00e1te n\u011bjak\u00e9 dotazy, kontaktujte n\u00e1s na <a href=\"mailto:kpsnovarole@gmail.com\"><strong>kpsnovarole@gmail.com<\/strong><\/a><\/p>\n<p>\u010c\u00edslo \u00fa\u010dtu: 123-7013630257\/0100<\/p>\n<p><strong>\u00a0<\/strong><\/p>\n<p>&nbsp;<\/p>\n<p>&nbsp;<\/p>\n","protected":false},"excerpt":{"rendered":"<p>\u00da\u010delem spolku je podporovat \u010dinnost \u0161koly nad r\u00e1mec, kter\u00fd mu poskytne z\u0159izovatel a st\u00e1t. Spolek bude dosahovat tohoto \u00fa\u010delu vyv\u00edjen\u00edm \u010dinnosti v n\u00e1sleduj\u00edc\u00edch oblastech: Podporovat z\u00e1jmovou \u010dinnost \u017e\u00e1k\u016f finan\u010dn\u011b i odbornou pomoc\u00ed. Podporovat \u0161kolu v jej\u00edm materi\u00e1ln\u00edm zabezpe\u010den\u00ed, zejm\u00e9na organizovat dobrovolnou v\u00fdpomoc \u010dlen\u016f p\u0159i \u0161koln\u00edch akc\u00edch. Po\u0159\u00e1dat pro \u017e\u00e1ky \u0161koly speci\u00e1ln\u00ed semin\u00e1\u0159e a p\u0159edn\u00e1\u0161ky. Po\u0159\u00e1dat kulturn\u00ed, sportovn\u00ed a spole\u010densk\u00e9 akce.<\/p>\n","protected":false},"author":2,"featured_media":0,"parent":0,"menu_order":7,"comment_status":"closed","ping_status":"closed","template":"","meta":[],"_links":{"self":[{"href":"https:\/\/www.zsnovarole.cz\/index.php?rest_route=\/wp\/v2\/pages\/4707"}],"collection":[{"href":"https:\/\/www.zsnovarole.cz\/index.php?rest_route=\/wp\/v2\/pages"}],"about":[{"href":"https:\/\/www.zsnovarole.cz\/index.php?rest_route=\/wp\/v2\/types\/page"}],"author":[{"embeddable":true,"href":"https:\/\/www.zsnovarole.cz\/index.php?rest_route=\/wp\/v2\/users\/2"}],"replies":[{"embeddable":true,"href":"https:\/\/www.zsnovarole.cz\/index.php?rest_route=%2Fwp%2Fv2%2Fcomments&post=4707"}],"version-history":[{"count":4,"href":"https:\/\/www.zsnovarole.cz\/index.php?rest_route=\/wp\/v2\/pages\/4707\/revisions"}],"predecessor-version":[{"id":5816,"href":"https:\/\/www.zsnovarole.cz\/index.php?rest_route=\/wp\/v2\/pages\/4707\/revisions\/5816"}],"wp:attachment":[{"href":"https:\/\/www.zsnovarole.cz\/index.php?rest_route=%2Fwp%2Fv2%2Fmedia&parent=4707"}],"curies":[{"name":"wp","href":"https:\/\/api.w.org\/{rel}","templated":true}]}}