{"id":6462,"date":"2023-11-03T14:15:42","date_gmt":"2023-11-03T13:15:42","guid":{"rendered":"https:\/\/www.zsnovarole.cz\/?page_id=6462"},"modified":"2025-03-19T12:25:26","modified_gmt":"2025-03-19T11:25:26","slug":"rozpocty-plany","status":"publish","type":"page","link":"https:\/\/www.zsnovarole.cz\/?page_id=6462","title":{"rendered":"Rozpo\u010dty, finan\u010dn\u00ed pl\u00e1ny"},"content":{"rendered":"<p><a href=\"https:\/\/www.zsnovarole.cz\/wp-content\/uploads\/2025\/03\/ZS-Nova-Role-odpisovy-plan-2025..pdf\">Z\u0160 Nov\u00e1 Role odpisov\u00fd pl\u00e1n 2025.<\/a><\/p>\n<p><a href=\"https:\/\/www.zsnovarole.cz\/wp-content\/uploads\/2025\/03\/ZS-Nova-Role-Strednedoby-vyhled-2026-2027.xlsx\">Z\u0160 Nov\u00e1 Role St\u0159edn\u011bdob\u00fd v\u00fdhled 2026-2027<\/a><\/p>\n<p><a href=\"https:\/\/www.zsnovarole.cz\/wp-content\/uploads\/2025\/03\/ZS-N.Role-financni-plan-na-r.-2025.pdf\">Z\u0160 N.Role finan\u010dn\u00ed pl\u00e1n na r. 2025<\/a><\/p>\n<p>&nbsp;<\/p>\n<p>&nbsp;<\/p>\n<p>&nbsp;<\/p>\n","protected":false},"excerpt":{"rendered":"<p>Z\u0160 Nov\u00e1 Role odpisov\u00fd pl\u00e1n 2025. Z\u0160 Nov\u00e1 Role St\u0159edn\u011bdob\u00fd v\u00fdhled 2026-2027 Z\u0160 N.Role finan\u010dn\u00ed pl\u00e1n na r. 2025 &nbsp; &nbsp; &nbsp;<\/p>\n","protected":false},"author":2,"featured_media":0,"parent":1928,"menu_order":0,"comment_status":"closed","ping_status":"closed","template":"","meta":[],"_links":{"self":[{"href":"https:\/\/www.zsnovarole.cz\/index.php?rest_route=\/wp\/v2\/pages\/6462"}],"collection":[{"href":"https:\/\/www.zsnovarole.cz\/index.php?rest_route=\/wp\/v2\/pages"}],"about":[{"href":"https:\/\/www.zsnovarole.cz\/index.php?rest_route=\/wp\/v2\/types\/page"}],"author":[{"embeddable":true,"href":"https:\/\/www.zsnovarole.cz\/index.php?rest_route=\/wp\/v2\/users\/2"}],"replies":[{"embeddable":true,"href":"https:\/\/www.zsnovarole.cz\/index.php?rest_route=%2Fwp%2Fv2%2Fcomments&post=6462"}],"version-history":[{"count":8,"href":"https:\/\/www.zsnovarole.cz\/index.php?rest_route=\/wp\/v2\/pages\/6462\/revisions"}],"predecessor-version":[{"id":7702,"href":"https:\/\/www.zsnovarole.cz\/index.php?rest_route=\/wp\/v2\/pages\/6462\/revisions\/7702"}],"up":[{"embeddable":true,"href":"https:\/\/www.zsnovarole.cz\/index.php?rest_route=\/wp\/v2\/pages\/1928"}],"wp:attachment":[{"href":"https:\/\/www.zsnovarole.cz\/index.php?rest_route=%2Fwp%2Fv2%2Fmedia&parent=6462"}],"curies":[{"name":"wp","href":"https:\/\/api.w.org\/{rel}","templated":true}]}}