{"id":81,"date":"2015-09-30T12:09:27","date_gmt":"2015-09-30T10:09:27","guid":{"rendered":"http:\/\/www.zsnovarole.cz\/?page_id=81"},"modified":"2015-12-07T14:54:45","modified_gmt":"2015-12-07T13:54:45","slug":"fotogalerie","status":"publish","type":"page","link":"https:\/\/www.zsnovarole.cz\/?page_id=81","title":{"rendered":"Fotogalerie ze \u0161koln\u00edch akc\u00ed"},"content":{"rendered":"<p><a href=\"http:\/\/www.zsnovarole.cz\/?page_id=787\">72 hodin 2015<\/a><\/p>\n<p><a href=\"http:\/\/www.zsnovarole.cz\/?page_id=588\">Co \u0159\u00edkaj\u00ed \u017e\u00e1ci a co u\u010ditel\u00e9???<\/a><\/p>\n<p><a href=\"http:\/\/www.zsnovarole.cz\/?page_id=560\">Exkurze do Berl\u00edna 2015<\/a><\/p>\n<p><a href=\"http:\/\/www.zsnovarole.cz\/?page_id=664\">Exkurze na SP\u0160 Ostrov<\/a><\/p>\n<p><a href=\"http:\/\/www.zsnovarole.cz\/?page_id=791\">Hejtman\u016fv poh\u00e1r 2015<\/a><\/p>\n<p><a href=\"http:\/\/www.zsnovarole.cz\/?page_id=780\">Logick\u00e1 olympi\u00e1da 2015<\/a><\/p>\n<p><a href=\"http:\/\/www.zsnovarole.cz\/?page_id=798\">Mikul\u00e1\u0161sk\u00e1 2015<\/a><\/p>\n<p><a href=\"http:\/\/www.zsnovarole.cz\/?page_id=732\">P\u016f\u010f\u00e1ci<\/a><\/p>\n<p><a href=\"http:\/\/www.zsnovarole.cz\/?page_id=434\">Dravci 2015<\/a><\/p>\n<p><a href=\"http:\/\/www.zsnovarole.cz\/?page_id=297\">Prvn\u00ed den prv\u0148\u00e1\u010dk\u016f 2015<\/a><\/p>\n<p><a href=\"http:\/\/www.zsnovarole.cz\/?page_id=241\">Na\u0161e \u0161kola<\/a><\/p>\n<p>&nbsp;<\/p>\n","protected":false},"excerpt":{"rendered":"<p>72 hodin 2015 Co \u0159\u00edkaj\u00ed \u017e\u00e1ci a co u\u010ditel\u00e9??? Exkurze do Berl\u00edna 2015 Exkurze na SP\u0160 Ostrov Hejtman\u016fv poh\u00e1r 2015 Logick\u00e1 olympi\u00e1da 2015 Mikul\u00e1\u0161sk\u00e1 2015 P\u016f\u010f\u00e1ci Dravci 2015 Prvn\u00ed den prv\u0148\u00e1\u010dk\u016f 2015 Na\u0161e \u0161kola &nbsp;<\/p>\n","protected":false},"author":1,"featured_media":0,"parent":57,"menu_order":4,"comment_status":"closed","ping_status":"closed","template":"","meta":[],"_links":{"self":[{"href":"https:\/\/www.zsnovarole.cz\/index.php?rest_route=\/wp\/v2\/pages\/81"}],"collection":[{"href":"https:\/\/www.zsnovarole.cz\/index.php?rest_route=\/wp\/v2\/pages"}],"about":[{"href":"https:\/\/www.zsnovarole.cz\/index.php?rest_route=\/wp\/v2\/types\/page"}],"author":[{"embeddable":true,"href":"https:\/\/www.zsnovarole.cz\/index.php?rest_route=\/wp\/v2\/users\/1"}],"replies":[{"embeddable":true,"href":"https:\/\/www.zsnovarole.cz\/index.php?rest_route=%2Fwp%2Fv2%2Fcomments&post=81"}],"version-history":[{"count":8,"href":"https:\/\/www.zsnovarole.cz\/index.php?rest_route=\/wp\/v2\/pages\/81\/revisions"}],"predecessor-version":[{"id":805,"href":"https:\/\/www.zsnovarole.cz\/index.php?rest_route=\/wp\/v2\/pages\/81\/revisions\/805"}],"up":[{"embeddable":true,"href":"https:\/\/www.zsnovarole.cz\/index.php?rest_route=\/wp\/v2\/pages\/57"}],"wp:attachment":[{"href":"https:\/\/www.zsnovarole.cz\/index.php?rest_route=%2Fwp%2Fv2%2Fmedia&parent=81"}],"curies":[{"name":"wp","href":"https:\/\/api.w.org\/{rel}","templated":true}]}}