{"id":91,"date":"2015-09-30T12:14:04","date_gmt":"2015-09-30T10:14:04","guid":{"rendered":"http:\/\/www.zsnovarole.cz\/?page_id=91"},"modified":"2024-03-26T14:59:32","modified_gmt":"2024-03-26T13:59:32","slug":"formulare-zadosti","status":"publish","type":"page","link":"https:\/\/www.zsnovarole.cz\/?page_id=91","title":{"rendered":"Formul\u00e1\u0159e, \u017e\u00e1dosti"},"content":{"rendered":"<p><a href=\"https:\/\/www.zsnovarole.cz\/wp-content\/uploads\/2022\/03\/Zadost-o-uvolneni-z-vyuky-kratkodobe.docx\">\u017d\u00e1dost o uvoln\u011bn\u00ed-z-v\u00fduky-kr\u00e1tkodob\u00e9<\/a><\/p>\n<p><a href=\"https:\/\/www.zsnovarole.cz\/wp-content\/uploads\/2022\/03\/Zadost-o-odklad-povinne-skolni-dochazky-1.docx\">\u017d\u00e1dost-o-odklad-povinn\u00e9-\u0161koln\u00ed-doch\u00e1zky <\/a><\/p>\n<p><a href=\"https:\/\/www.zsnovarole.cz\/wp-content\/uploads\/2021\/02\/Zadost-o-prijeti-do-1.-tridy-2021.docx\">\u017d\u00e1dost o p\u0159ijet\u00ed do 1. t\u0159\u00eddy<\/a><\/p>\n<p><a href=\"https:\/\/www.zsnovarole.cz\/wp-content\/uploads\/2024\/03\/Zapisni-list-priloha-k-zadosti-2.docx\">Z\u00e1pisn\u00ed list-p\u0159\u00edloha k \u017e\u00e1dosti o p\u0159ijet\u00ed<\/a><\/p>\n<p><a href=\"https:\/\/www.zsnovarole.cz\/wp-content\/uploads\/2021\/02\/Zadost-o-uvolneni-zaka-z-vyucovani-1.docx\">\u017d\u00e1dost o uvoln\u011bn\u00ed-\u017e\u00e1ka-z-vyu\u010dov\u00e1n\u00ed\u00a0<\/a><\/p>\n<p><a href=\"https:\/\/www.zsnovarole.cz\/wp-content\/uploads\/2021\/02\/Zadost-o-uvolneni-zaka-z-druheho-jazyka.docx\">\u017d\u00e1dost-o-uvoln\u011bn\u00ed-\u017e\u00e1ka-z-druh\u00e9ho-jazyka<\/a><\/p>\n<p><a href=\"https:\/\/www.zsnovarole.cz\/wp-content\/uploads\/2021\/02\/Zadost-o-uvloneni-z-TV.docx\">\u017d\u00e1dost o uvoln\u011bn\u00ed z TV<\/a><\/p>\n<p><a href=\"https:\/\/www.zsnovarole.cz\/wp-content\/uploads\/2021\/02\/Zadost-o-prestup-z-jine-skoly.docx\">\u017d\u00e1dost o p\u0159estup z jin\u00e9 \u0161koly<\/a><\/p>\n<p><a href=\"https:\/\/www.zsnovarole.cz\/wp-content\/uploads\/2021\/02\/Zadost-o-povoleni-pokracovani-v-zakladnim-vzdelavani.docx\">\u017d\u00e1dost o povolen\u00ed pokra\u010dov\u00e1n\u00ed v z\u00e1kladn\u00edm vzd\u011bl\u00e1v\u00e1n\u00ed<\/a><\/p>\n<p>&nbsp;<\/p>\n<p>&nbsp;<\/p>\n<p>&nbsp;<\/p>\n<p>&nbsp;<\/p>\n","protected":false},"excerpt":{"rendered":"<p>\u017d\u00e1dost o uvoln\u011bn\u00ed-z-v\u00fduky-kr\u00e1tkodob\u00e9 \u017d\u00e1dost-o-odklad-povinn\u00e9-\u0161koln\u00ed-doch\u00e1zky \u017d\u00e1dost o p\u0159ijet\u00ed do 1. t\u0159\u00eddy Z\u00e1pisn\u00ed list-p\u0159\u00edloha k \u017e\u00e1dosti o p\u0159ijet\u00ed \u017d\u00e1dost o uvoln\u011bn\u00ed-\u017e\u00e1ka-z-vyu\u010dov\u00e1n\u00ed\u00a0 \u017d\u00e1dost-o-uvoln\u011bn\u00ed-\u017e\u00e1ka-z-druh\u00e9ho-jazyka \u017d\u00e1dost o uvoln\u011bn\u00ed z TV \u017d\u00e1dost o p\u0159estup z jin\u00e9 \u0161koly \u017d\u00e1dost o povolen\u00ed pokra\u010dov\u00e1n\u00ed v z\u00e1kladn\u00edm vzd\u011bl\u00e1v\u00e1n\u00ed &nbsp; &nbsp; &nbsp; &nbsp;<\/p>\n","protected":false},"author":1,"featured_media":0,"parent":13,"menu_order":2,"comment_status":"closed","ping_status":"closed","template":"","meta":[],"_links":{"self":[{"href":"https:\/\/www.zsnovarole.cz\/index.php?rest_route=\/wp\/v2\/pages\/91"}],"collection":[{"href":"https:\/\/www.zsnovarole.cz\/index.php?rest_route=\/wp\/v2\/pages"}],"about":[{"href":"https:\/\/www.zsnovarole.cz\/index.php?rest_route=\/wp\/v2\/types\/page"}],"author":[{"embeddable":true,"href":"https:\/\/www.zsnovarole.cz\/index.php?rest_route=\/wp\/v2\/users\/1"}],"replies":[{"embeddable":true,"href":"https:\/\/www.zsnovarole.cz\/index.php?rest_route=%2Fwp%2Fv2%2Fcomments&post=91"}],"version-history":[{"count":30,"href":"https:\/\/www.zsnovarole.cz\/index.php?rest_route=\/wp\/v2\/pages\/91\/revisions"}],"predecessor-version":[{"id":6819,"href":"https:\/\/www.zsnovarole.cz\/index.php?rest_route=\/wp\/v2\/pages\/91\/revisions\/6819"}],"up":[{"embeddable":true,"href":"https:\/\/www.zsnovarole.cz\/index.php?rest_route=\/wp\/v2\/pages\/13"}],"wp:attachment":[{"href":"https:\/\/www.zsnovarole.cz\/index.php?rest_route=%2Fwp%2Fv2%2Fmedia&parent=91"}],"curies":[{"name":"wp","href":"https:\/\/api.w.org\/{rel}","templated":true}]}}